{"id":510,"date":"2023-08-01T12:34:13","date_gmt":"2023-08-01T10:34:13","guid":{"rendered":"http:\/\/fitness2.mythemecloud.io\/?page_id=510"},"modified":"2023-12-23T19:37:08","modified_gmt":"2023-12-23T18:37:08","slug":"blog","status":"publish","type":"page","link":"https:\/\/raytshilosteo.com\/en\/blog\/","title":{"rendered":"Blog"},"content":{"rendered":"<div data-elementor-type=\"wp-page\" data-elementor-id=\"510\" class=\"elementor elementor-510\">\n\t\t\t\t\t\t<section class=\"elementor-section elementor-top-section elementor-element elementor-element-12e4c817 elementor-section-height-min-height elementor-section-boxed elementor-section-height-default elementor-section-items-middle\" data-id=\"12e4c817\" data-element_type=\"section\" data-settings=\"{&quot;background_background&quot;:&quot;classic&quot;}\">\n\t\t\t\t\t\t\t<div class=\"elementor-background-overlay\"><\/div>\n\t\t\t\t\t\t\t<div class=\"elementor-container elementor-column-gap-default\">\n\t\t\t\t\t<div class=\"elementor-column elementor-col-100 elementor-top-column elementor-element elementor-element-405af79a\" data-id=\"405af79a\" data-element_type=\"column\">\n\t\t\t<div class=\"elementor-widget-wrap elementor-element-populated\">\n\t\t\t\t\t\t<div class=\"elementor-element elementor-element-40aa63ef elementor-widget elementor-widget-heading\" data-id=\"40aa63ef\" data-element_type=\"widget\" data-widget_type=\"heading.default\">\n\t\t\t\t<div class=\"elementor-widget-container\">\n\t\t\t\t\t<h2 class=\"elementor-heading-title elementor-size-default\">Blog<\/h2>\t\t\t\t<\/div>\n\t\t\t\t<\/div>\n\t\t\t\t\t<\/div>\n\t\t<\/div>\n\t\t\t\t\t<\/div>\n\t\t<\/section>\n\t\t\t\t<section class=\"elementor-section elementor-top-section elementor-element elementor-element-794e07f elementor-section-boxed elementor-section-height-default elementor-section-height-default\" data-id=\"794e07f\" data-element_type=\"section\">\n\t\t\t\t\t\t<div class=\"elementor-container elementor-column-gap-default\">\n\t\t\t\t\t<div class=\"elementor-column elementor-col-33 elementor-top-column elementor-element elementor-element-3e5ac3d\" data-id=\"3e5ac3d\" data-element_type=\"column\">\n\t\t\t<div class=\"elementor-widget-wrap elementor-element-populated\">\n\t\t\t\t\t\t<div class=\"elementor-element elementor-element-2106562 elementor-widget elementor-widget-image\" data-id=\"2106562\" data-element_type=\"widget\" data-widget_type=\"image.default\">\n\t\t\t\t<div class=\"elementor-widget-container\">\n\t\t\t\t\t\t\t\t\t\t\t\t\t\t\t\t<a href=\"https:\/\/raytshilosteo.com\/en\/osteopathie-maux-de-tete-et-migraines\/\">\n\t\t\t\t\t\t\t<img fetchpriority=\"high\" decoding=\"async\" width=\"1024\" height=\"863\" src=\"https:\/\/raytshilosteo.com\/wp-content\/uploads\/2023\/07\/maux-de-tete--1024x863.jpeg\" class=\"attachment-large size-large wp-image-2677\" alt=\"article de blog d\u00e9di\u00e9 \u00e0 la prise charge ost\u00e9opathique des maux de t\u00eate\" srcset=\"\" sizes=\"(max-width: 1024px) 100vw, 1024px\" data-srcset=\"\" \/>\t\t\t\t\t\t\t\t<\/a>\n\t\t\t\t\t\t\t\t\t\t\t\t\t\t\t<\/div>\n\t\t\t\t<\/div>\n\t\t\t\t<div class=\"elementor-element elementor-element-9ef3be7 elementor-widget elementor-widget-heading\" data-id=\"9ef3be7\" data-element_type=\"widget\" data-widget_type=\"heading.default\">\n\t\t\t\t<div class=\"elementor-widget-container\">\n\t\t\t\t\t<h2 class=\"elementor-heading-title elementor-size-default\"><a href=\"https:\/\/raytshilosteo.com\/en\/osteopathie-maux-de-tete-et-migraines\/\">Osteopathy and headaches: an effective therapeutic approach<\/a><\/h2>\t\t\t\t<\/div>\n\t\t\t\t<\/div>\n\t\t\t\t<div class=\"elementor-element elementor-element-d1bd2a9 elementor-widget elementor-widget-text-editor\" data-id=\"d1bd2a9\" data-element_type=\"widget\" data-widget_type=\"text-editor.default\">\n\t\t\t\t<div class=\"elementor-widget-container\">\n\t\t\t\t\t\t\t\t\t<p>Headaches, medically known as cephalalgia, are common conditions that can truly influence the quality of life of patients. A major concern for many people suffering from headaches is the search for effective solutions to relieve them\u2026<\/p>\t\t\t\t\t\t\t\t<\/div>\n\t\t\t\t<\/div>\n\t\t\t\t\t<\/div>\n\t\t<\/div>\n\t\t\t\t<div class=\"elementor-column elementor-col-33 elementor-top-column elementor-element elementor-element-d6150dd\" data-id=\"d6150dd\" data-element_type=\"column\">\n\t\t\t<div class=\"elementor-widget-wrap\">\n\t\t\t\t\t\t\t<\/div>\n\t\t<\/div>\n\t\t\t\t<div class=\"elementor-column elementor-col-33 elementor-top-column elementor-element elementor-element-423940f\" data-id=\"423940f\" data-element_type=\"column\">\n\t\t\t<div class=\"elementor-widget-wrap\">\n\t\t\t\t\t\t\t<\/div>\n\t\t<\/div>\n\t\t\t\t\t<\/div>\n\t\t<\/section>\n\t\t\t\t<section class=\"elementor-section elementor-top-section elementor-element elementor-element-739cf5b elementor-section-boxed elementor-section-height-default elementor-section-height-default\" data-id=\"739cf5b\" data-element_type=\"section\">\n\t\t\t\t\t\t<div class=\"elementor-container elementor-column-gap-default\">\n\t\t\t\t\t<div class=\"elementor-column elementor-col-100 elementor-top-column elementor-element elementor-element-56a368e\" data-id=\"56a368e\" data-element_type=\"column\">\n\t\t\t<div class=\"elementor-widget-wrap elementor-element-populated\">\n\t\t\t\t\t\t<div class=\"elementor-element elementor-element-7ad8cbd elementor-widget elementor-widget-spacer\" data-id=\"7ad8cbd\" data-element_type=\"widget\" data-widget_type=\"spacer.default\">\n\t\t\t\t<div class=\"elementor-widget-container\">\n\t\t\t\t\t\t\t<div class=\"elementor-spacer\">\n\t\t\t<div class=\"elementor-spacer-inner\"><\/div>\n\t\t<\/div>\n\t\t\t\t\t\t<\/div>\n\t\t\t\t<\/div>\n\t\t\t\t\t<\/div>\n\t\t<\/div>\n\t\t\t\t\t<\/div>\n\t\t<\/section>\n\t\t\t\t<\/div>","protected":false},"excerpt":{"rendered":"<p>Blog L\u2019OST\u00c9OPATHIE ET LES MAUX DE T\u00caTE : UNE APPROCHE TH\u00c9RAPEUTIQUE EFFICACE Les maux de t\u00eate, nomm\u00e9s c\u00e9phal\u00e9es en m\u00e9decine, sont des affections courantes qui peuvent r\u00e9ellement influencer la qualit\u00e9 de vie des patients. Une pr\u00e9occupation majeure pour bon nombre de personnes&#8230;<\/p>","protected":false},"author":1,"featured_media":0,"parent":0,"menu_order":0,"comment_status":"closed","ping_status":"closed","template":"","meta":{"_kadence_starter_templates_imported_post":false,"_kad_post_transparent":"","_kad_post_title":"hide","_kad_post_layout":"fullwidth","_kad_post_sidebar_id":"","_kad_post_content_style":"unboxed","_kad_post_vertical_padding":"hide","_kad_post_feature":"hide","_kad_post_feature_position":"","_kad_post_header":false,"_kad_post_footer":false,"footnotes":""},"class_list":["post-510","page","type-page","status-publish","hentry"],"rttpg_featured_image_url":null,"rttpg_author":{"display_name":"raytshilosteo","author_link":"https:\/\/raytshilosteo.com\/en\/author\/admin6850\/"},"rttpg_comment":0,"rttpg_category":null,"rttpg_excerpt":"Blog L\u2019OST\u00c9OPATHIE ET LES MAUX DE T\u00caTE : UNE APPROCHE TH\u00c9RAPEUTIQUE EFFICACE Les maux de t\u00eate, nomm\u00e9s c\u00e9phal\u00e9es en m\u00e9decine, sont des affections courantes qui peuvent r\u00e9ellement influencer la qualit\u00e9 de vie des patients. Une pr\u00e9occupation majeure pour bon nombre de personnes&#8230;","_links":{"self":[{"href":"https:\/\/raytshilosteo.com\/en\/wp-json\/wp\/v2\/pages\/510","targetHints":{"allow":["GET"]}}],"collection":[{"href":"https:\/\/raytshilosteo.com\/en\/wp-json\/wp\/v2\/pages"}],"about":[{"href":"https:\/\/raytshilosteo.com\/en\/wp-json\/wp\/v2\/types\/page"}],"author":[{"embeddable":true,"href":"https:\/\/raytshilosteo.com\/en\/wp-json\/wp\/v2\/users\/1"}],"replies":[{"embeddable":true,"href":"https:\/\/raytshilosteo.com\/en\/wp-json\/wp\/v2\/comments?post=510"}],"version-history":[{"count":57,"href":"https:\/\/raytshilosteo.com\/en\/wp-json\/wp\/v2\/pages\/510\/revisions"}],"predecessor-version":[{"id":3112,"href":"https:\/\/raytshilosteo.com\/en\/wp-json\/wp\/v2\/pages\/510\/revisions\/3112"}],"wp:attachment":[{"href":"https:\/\/raytshilosteo.com\/en\/wp-json\/wp\/v2\/media?parent=510"}],"curies":[{"name":"wp","href":"https:\/\/api.w.org\/{rel}","templated":true}]}}