{"id":3,"date":"2022-12-28T23:49:36","date_gmt":"2022-12-28T22:49:36","guid":{"rendered":"http:\/\/raytshilosteo.com\/?page_id=3"},"modified":"2024-12-14T16:54:12","modified_gmt":"2024-12-14T15:54:12","slug":"politique-de-confidentialite","status":"publish","type":"page","link":"https:\/\/raytshilosteo.com\/en\/politique-de-confidentialite\/","title":{"rendered":"Politique de confidentialit\u00e9"},"content":{"rendered":"<p><strong>Politique de confidentialit\u00e9<\/strong><\/p>\n<p>Derni\u00e8re mise \u00e0 jour le 27-Nov-2024<\/p>\n<p>Cette politique de confidentialit\u00e9 d\u00e9crit les politiques de Raytshilosteo, Avenue de la Joyeuse entr\u00e9e 5, Bruxelles 1040, Belgique, email : contact@raytshilosteo.com, t\u00e9l\u00e9phone : +32474291565 concernant la collecte, l&rsquo;utilisation et la divulgation de vos informations que nous collectons lorsque vous utilisez notre site web (https:\/\/raytshilosteo.com). (le \u00ab\u00a0Service\u00a0\u00bb). En acc\u00e9dant ou en utilisant le Service, vous consentez \u00e0 la collecte, \u00e0 l&rsquo;utilisation et \u00e0 la divulgation de vos informations conform\u00e9ment \u00e0 cette politique de confidentialit\u00e9. Si vous ne consentez pas \u00e0 cela, veuillez ne pas acc\u00e9der ou utiliser le Service.<\/p>\n<p>Nous pouvons modifier cette politique de confidentialit\u00e9 \u00e0 tout moment sans pr\u00e9avis et publierons la politique de confidentialit\u00e9 r\u00e9vis\u00e9e sur le Service. La politique r\u00e9vis\u00e9e sera effective 180 jours apr\u00e8s sa publication sur le Service et votre acc\u00e8s ou utilisation continue du Service apr\u00e8s cette p\u00e9riode constituera votre acceptation de la politique de confidentialit\u00e9 r\u00e9vis\u00e9e. Nous vous recommandons donc de consulter cette page p\u00e9riodiquement.<\/p>\n<p><strong>Comment nous utilisons vos informations :<\/strong><\/p>\n<p>Nous utiliserons les informations que nous collectons \u00e0 votre sujet pour les finalit\u00e9s suivantes :<\/p>\n<ul>\n<li>Collecte des retours clients<\/li>\n<\/ul>\n<p>Si nous voulons utiliser vos informations pour toute autre finalit\u00e9, nous vous demanderons votre consentement et n&rsquo;utiliserons vos informations qu&rsquo;apr\u00e8s avoir obtenu votre consentement et uniquement pour la ou les finalit\u00e9s pour lesquelles vous avez donn\u00e9 votre consentement, sauf si la loi nous oblige \u00e0 faire autrement.<\/p>\n<p><strong>Comment nous partageons vos informations :<\/strong><\/p>\n<p>Nous ne transf\u00e9rerons pas vos informations personnelles \u00e0 des tiers sans obtenir votre consentement, sauf dans des circonstances limit\u00e9es d\u00e9crites ci-dessous :<\/p>\n<ul>\n<li>Analyses<\/li>\n<\/ul>\n<p>Nous exigeons que ces tiers utilisent les informations personnelles que nous leur transf\u00e9rons uniquement aux fins pour lesquelles elles ont \u00e9t\u00e9 transf\u00e9r\u00e9es et ne les conservent pas plus longtemps que n\u00e9cessaire pour remplir cette finalit\u00e9.<\/p>\n<p>Nous pouvons \u00e9galement divulguer vos informations personnelles pour les raisons suivantes : (1) pour se conformer \u00e0 la loi applicable, \u00e0 un r\u00e8glement, \u00e0 une ordonnance judiciaire ou \u00e0 tout autre processus l\u00e9gal ; (2) pour faire respecter vos accords avec nous, y compris cette politique de confidentialit\u00e9 ; ou (3) pour r\u00e9pondre aux r\u00e9clamations selon lesquelles votre utilisation du Service viole les droits de tiers. Si le Service ou notre soci\u00e9t\u00e9 est fusionn\u00e9 ou acquis par une autre soci\u00e9t\u00e9, vos informations seront l&rsquo;un des actifs transf\u00e9r\u00e9s au nouveau propri\u00e9taire.<\/p>\n<p><strong>Vos droits :<\/strong><\/p>\n<p>Selon la loi applicable, vous pouvez avoir le droit d&rsquo;acc\u00e9der \u00e0 vos donn\u00e9es personnelles, de les rectifier ou de les effacer, de recevoir une copie de vos donn\u00e9es personnelles, de restreindre ou de vous opposer au traitement actif de vos donn\u00e9es, de nous demander de partager (porter) vos informations personnelles \u00e0 une autre entit\u00e9, de retirer tout consentement que vous nous avez donn\u00e9 pour traiter vos donn\u00e9es, de d\u00e9poser une plainte aupr\u00e8s d&rsquo;une autorit\u00e9 statutaire et d&rsquo;autres droits pertinents en vertu des lois applicables. Pour exercer ces droits, vous pouvez nous \u00e9crire \u00e0 contact@raytshilosteo.com. Nous r\u00e9pondrons \u00e0 votre demande conform\u00e9ment \u00e0 la loi applicable.<\/p>\n<p>Veuillez noter que si vous ne nous permettez pas de collecter ou de traiter les informations personnelles requises ou si vous retirez le consentement pour traiter les m\u00eames informations pour les finalit\u00e9s requises, vous ne pourrez peut-\u00eatre pas acc\u00e9der ou utiliser les services pour lesquels vos informations ont \u00e9t\u00e9 demand\u00e9es.<\/p>\n<p><strong>Cookies<\/strong><\/p>\n<p><strong>Que sont les cookies ?<\/strong> Cette politique de cookies explique ce que sont les cookies et comment nous les utilisons, les types de cookies que nous utilisons, c&rsquo;est-\u00e0-dire les informations que nous collectons \u00e0 l&rsquo;aide des cookies et comment ces informations sont utilis\u00e9es, et comment g\u00e9rer les param\u00e8tres des cookies.<\/p>\n<p>Les cookies sont de petits fichiers texte utilis\u00e9s pour stocker de petites informations. Ils sont stock\u00e9s sur votre appareil lorsque le site web est charg\u00e9 sur votre navigateur. Ces cookies nous aident \u00e0 faire fonctionner correctement le site web, \u00e0 le rendre plus s\u00e9curis\u00e9, \u00e0 offrir une meilleure exp\u00e9rience utilisateur et \u00e0 comprendre comment le site web fonctionne et \u00e0 analyser ce qui fonctionne et ce qui doit \u00eatre am\u00e9lior\u00e9.<\/p>\n<p><strong>Comment utilisons-nous les cookies ?<\/strong> Comme la plupart des services en ligne, notre site web utilise des cookies de premi\u00e8re partie et des cookies tiers pour plusieurs raisons. Les cookies de premi\u00e8re partie sont principalement n\u00e9cessaires pour que le site web fonctionne correctement et ne collectent aucune de vos donn\u00e9es personnelles identifiables.<\/p>\n<p>Les cookies tiers utilis\u00e9s sur notre site web servent principalement \u00e0 comprendre comment le site web fonctionne, comment vous interagissez avec notre site web, \u00e0 maintenir nos services s\u00e9curis\u00e9s, \u00e0 fournir des publicit\u00e9s pertinentes pour vous, et globalement \u00e0 vous offrir une meilleure exp\u00e9rience utilisateur et \u00e0 acc\u00e9l\u00e9rer vos futures interactions avec notre site web.<\/p>\n<p><strong>Types de cookies utilis\u00e9s<\/strong><\/p>\n<div class=\"cky-audit-table-element\"><\/div>\n<p><strong>G\u00e9rer les pr\u00e9f\u00e9rences de cookies<\/strong><\/p>\n<p>Vous pouvez modifier vos pr\u00e9f\u00e9rences en mati\u00e8re de cookies \u00e0 tout moment en cliquant sur le bouton flottant en bas \u00e0 gauche de l&rsquo;\u00e9cran. Cela vous permettra de revoir la banni\u00e8re de consentement aux cookies et de modifier vos pr\u00e9f\u00e9rences ou de retirer votre consentement imm\u00e9diatement.<\/p>\n<p>En outre, diff\u00e9rents navigateurs offrent diff\u00e9rentes m\u00e9thodes pour bloquer et supprimer les cookies utilis\u00e9s par les sites web. Vous pouvez modifier les param\u00e8tres de votre navigateur pour bloquer\/supprimer les cookies. Voici les liens vers les documents de support sur la gestion et la suppression des cookies pour les principaux navigateurs web.<\/p>\n<p>Chrome : <a href=\"https:\/\/support.google.com\/accounts\/answer\/32050\" target=\"_blank\" rel=\"noopener\">support.google.com<\/a><\/p>\n<p>Safari : <a href=\"https:\/\/support.apple.com\/fr-be\/guide\/safari\/sfri11471\/mac\" target=\"_blank\" rel=\"noopener\">support.apple.com<\/a><\/p>\n<p>Firefox : <a href=\"https:\/\/support.mozilla.org\/fr\/kb\/effacer-cookies-donnees-site-firefox?redirectslug=delete-cookies-remove-info-websites-stored&amp;redirectlocale\" target=\"_blank\" rel=\"noopener\">support.mozilla.org<\/a><\/p>\n<p>Internet Explorer : <a href=\"https:\/\/support.microsoft.com\/fr-fr\/topic\/comment-supprimer-des-fichiers-cookies-dans-internet-explorer-bca9446f-d873-78de-77ba-d42645fa52fc\" target=\"_blank\" rel=\"noopener\">support.microsoft.com<\/a><\/p>\n<p>Si vous utilisez un autre navigateur web, veuillez consulter les documents de support officiels de votre navigateur.<\/p>\n<p><strong>S\u00e9curit\u00e9 :<\/strong><\/p>\n<p>La s\u00e9curit\u00e9 de vos informations est importante pour nous et nous utiliserons des mesures de s\u00e9curit\u00e9 raisonnables pour pr\u00e9venir la perte, l&rsquo;utilisation abusive ou l&rsquo;alt\u00e9ration non autoris\u00e9e de vos informations sous notre contr\u00f4le. Cependant, \u00e9tant donn\u00e9 les risques inh\u00e9rents, nous ne pouvons garantir une s\u00e9curit\u00e9 absolue et, par cons\u00e9quent, nous ne pouvons assurer ou garantir la s\u00e9curit\u00e9 des informations que vous nous transmettez et vous le faites \u00e0 vos propres risques.<\/p>\n<p><strong>Liens tiers et utilisation de vos informations :<\/strong><\/p>\n<p>Notre Service peut contenir des liens vers d&rsquo;autres sites web qui ne sont pas exploit\u00e9s par nous. Cette politique de confidentialit\u00e9 ne traite pas de la politique de confidentialit\u00e9 et des autres pratiques de tiers, y compris de tout tiers exploitant un site web ou un service accessible via un lien sur le Service. Nous vous conseillons vivement de consulter la politique de confidentialit\u00e9 de chaque site que vous visitez. Nous n&rsquo;avons aucun contr\u00f4le sur le contenu, les politiques de confidentialit\u00e9 ou les pratiques des sites ou services tiers et n&rsquo;assumons aucune responsabilit\u00e9 \u00e0 cet \u00e9gard.<\/p>\n<p><strong>Responsable des plaintes \/ Protection des donn\u00e9es :<\/strong><\/p>\n<p>Si vous avez des questions ou des pr\u00e9occupations concernant le traitement de vos informations disponibles chez nous, vous pouvez envoyer un email \u00e0 notre responsable des plaintes \u00e0 l&rsquo;adresse suivante : contact@raytshilosteo.com. Nous traiterons vos pr\u00e9occupations conform\u00e9ment \u00e0 la loi applicable.<\/p>","protected":false},"excerpt":{"rendered":"<p>Politique de confidentialit\u00e9 Derni\u00e8re mise \u00e0 jour le 27-Nov-2024 Cette politique de confidentialit\u00e9 d\u00e9crit les politiques de Raytshilosteo, Avenue de la Joyeuse entr\u00e9e 5, Bruxelles 1040, Belgique, email : contact@raytshilosteo.com, t\u00e9l\u00e9phone : +32474291565 concernant la collecte, l&rsquo;utilisation et la divulgation de vos informations que nous collectons lorsque vous utilisez notre site web (https:\/\/raytshilosteo.com). (le \u00ab\u00a0Service\u00a0\u00bb)&#8230;.<\/p>","protected":false},"author":1,"featured_media":0,"parent":0,"menu_order":0,"comment_status":"closed","ping_status":"closed","template":"","meta":{"_kadence_starter_templates_imported_post":false,"_kad_post_transparent":"","_kad_post_title":"","_kad_post_layout":"","_kad_post_sidebar_id":"","_kad_post_content_style":"","_kad_post_vertical_padding":"","_kad_post_feature":"","_kad_post_feature_position":"","_kad_post_header":false,"_kad_post_footer":false,"footnotes":""},"class_list":["post-3","page","type-page","status-publish","hentry"],"rttpg_featured_image_url":null,"rttpg_author":{"display_name":"raytshilosteo","author_link":"https:\/\/raytshilosteo.com\/en\/author\/admin6850\/"},"rttpg_comment":0,"rttpg_category":null,"rttpg_excerpt":"Politique de confidentialit\u00e9 Derni\u00e8re mise \u00e0 jour le 27-Nov-2024 Cette politique de confidentialit\u00e9 d\u00e9crit les politiques de Raytshilosteo, Avenue de la Joyeuse entr\u00e9e 5, Bruxelles 1040, Belgique, email : contact@raytshilosteo.com, t\u00e9l\u00e9phone : +32474291565 concernant la collecte, l&rsquo;utilisation et la divulgation de vos informations que nous collectons lorsque vous utilisez notre site web (https:\/\/raytshilosteo.com). (le \u00ab\u00a0Service\u00a0\u00bb)....","_links":{"self":[{"href":"https:\/\/raytshilosteo.com\/en\/wp-json\/wp\/v2\/pages\/3","targetHints":{"allow":["GET"]}}],"collection":[{"href":"https:\/\/raytshilosteo.com\/en\/wp-json\/wp\/v2\/pages"}],"about":[{"href":"https:\/\/raytshilosteo.com\/en\/wp-json\/wp\/v2\/types\/page"}],"author":[{"embeddable":true,"href":"https:\/\/raytshilosteo.com\/en\/wp-json\/wp\/v2\/users\/1"}],"replies":[{"embeddable":true,"href":"https:\/\/raytshilosteo.com\/en\/wp-json\/wp\/v2\/comments?post=3"}],"version-history":[{"count":9,"href":"https:\/\/raytshilosteo.com\/en\/wp-json\/wp\/v2\/pages\/3\/revisions"}],"predecessor-version":[{"id":3256,"href":"https:\/\/raytshilosteo.com\/en\/wp-json\/wp\/v2\/pages\/3\/revisions\/3256"}],"wp:attachment":[{"href":"https:\/\/raytshilosteo.com\/en\/wp-json\/wp\/v2\/media?parent=3"}],"curies":[{"name":"wp","href":"https:\/\/api.w.org\/{rel}","templated":true}]}}